{"id":549,"date":"2016-10-22T03:51:17","date_gmt":"2016-10-22T03:51:17","guid":{"rendered":"http:\/\/www.emocaodimagens.com\/?page_id=549"},"modified":"2016-10-22T03:51:17","modified_gmt":"2016-10-22T03:51:17","slug":"termos-de-utilizacao","status":"publish","type":"page","link":"https:\/\/emocaodimagens.com\/emodi845\/termos-de-utilizacao\/","title":{"rendered":"Termos de utiliza\u00e7\u00e3o"},"content":{"rendered":"<p>Ao aceder ao site da EMO\u00c7\u00c3O D\u2019IMAGENS, LDA o utilizador subscreve expressamente os termos e as condi\u00e7\u00f5es aqui mencionadas:<\/p>\n<ul>\n<li>O utilizador deste site reconhece os direitos de propriedade intelectual da EMO\u00c7\u00c3O D\u2019IMAGENS, LDA sobre os elementos que o constituem, designadamente os textos, as imagens e os gr\u00e1ficos utilizados.<\/li>\n<li>O utilizador n\u00e3o pode reproduzir (total ou parcialmente), distribuir, exibir ou de outra forma utilizar a informa\u00e7\u00e3o existente neste site, designadamente para fins p\u00fablicos e\/ou comerciais, sem a pr\u00e9via obten\u00e7\u00e3o, por escrito, do consentimento da EMO\u00c7\u00c3O D\u2019IMAGENS, LDA.;<\/li>\n<li>EMO\u00c7\u00c3O D\u2019IMAGENS, LDA. desenvolve todos os esfor\u00e7os para que a informa\u00e7\u00e3o prestada seja precisa, relevante, completa e actual. N\u00e3o obstante, EMO\u00c7\u00c3O D\u2019IMAGENS, LDA, n\u00e3o pode garantir a inexist\u00eancia de erros e\/ou de omiss\u00f5es relevantes. Todas as informa\u00e7\u00f5es e, em geral, o conte\u00fado do site podem ser alterados sem aviso pr\u00e9vio;<\/li>\n<li>O site \u00e9 disponibilizado ao utilizador atrav\u00e9s de redes de telecomunica\u00e7\u00f5es, por cujos erros de transmiss\u00e3o ou defici\u00eancias t\u00e9cnicas, EMO\u00c7\u00c3O D\u2019IMAGENS, LDA, n\u00e3o \u00e9 respons\u00e1vel;<\/li>\n<li>EMO\u00c7\u00c3O D\u2019IMAGENS, LDA n\u00e3o \u00e9 respons\u00e1vel, perante o utilizador ou perante terceiros, por qualquer custo, despesa, preju\u00edzo ou perda, independentemente da sua natureza, resultante:<br \/>\n(i) de qualquer inexactid\u00e3o, erro, omiss\u00e3o, defici\u00eancia dos dados ou de qualquer informa\u00e7\u00e3o facultada atrav\u00e9s do presente site.<br \/>\n(ii) de atrasos ou interrup\u00e7\u00f5es no fornecimento dos dados ou de qualquer informa\u00e7\u00e3o facultada atrav\u00e9s do presente site.<br \/>\n(iii) de qualquer decis\u00e3o tomada ou ac\u00e7\u00e3o empreendida pelo utilizador ou por terceiros com base na informa\u00e7\u00e3o obtida atrav\u00e9s do presente site, ainda que esta seja inexacta ou incorrecta.<\/li>\n<\/ul>\n","protected":false},"excerpt":{"rendered":"<p>Ao aceder ao site da EMO\u00c7\u00c3O D\u2019IMAGENS, LDA o utilizador subscreve expressamente os termos e as condi\u00e7\u00f5es aqui mencionadas: O utilizador deste site reconhece os direitos de propriedade intelectual da EMO\u00c7\u00c3O D\u2019IMAGENS, LDA sobre os elementos que o constituem, designadamente os textos, as imagens e os gr\u00e1ficos utilizados. O utilizador n\u00e3o pode reproduzir (total ou [&hellip;]<\/p>\n","protected":false},"author":1,"featured_media":0,"parent":0,"menu_order":0,"comment_status":"closed","ping_status":"closed","template":"","meta":{"footnotes":""},"class_list":["post-549","page","type-page","status-publish","hentry"],"_links":{"self":[{"href":"https:\/\/emocaodimagens.com\/emodi845\/wp-json\/wp\/v2\/pages\/549","targetHints":{"allow":["GET"]}}],"collection":[{"href":"https:\/\/emocaodimagens.com\/emodi845\/wp-json\/wp\/v2\/pages"}],"about":[{"href":"https:\/\/emocaodimagens.com\/emodi845\/wp-json\/wp\/v2\/types\/page"}],"author":[{"embeddable":true,"href":"https:\/\/emocaodimagens.com\/emodi845\/wp-json\/wp\/v2\/users\/1"}],"replies":[{"embeddable":true,"href":"https:\/\/emocaodimagens.com\/emodi845\/wp-json\/wp\/v2\/comments?post=549"}],"version-history":[{"count":1,"href":"https:\/\/emocaodimagens.com\/emodi845\/wp-json\/wp\/v2\/pages\/549\/revisions"}],"predecessor-version":[{"id":551,"href":"https:\/\/emocaodimagens.com\/emodi845\/wp-json\/wp\/v2\/pages\/549\/revisions\/551"}],"wp:attachment":[{"href":"https:\/\/emocaodimagens.com\/emodi845\/wp-json\/wp\/v2\/media?parent=549"}],"curies":[{"name":"wp","href":"https:\/\/api.w.org\/{rel}","templated":true}]}}