{"id":45,"date":"2016-07-11T17:48:05","date_gmt":"2016-07-11T17:48:05","guid":{"rendered":"http:\/\/www.emocaodimagens.com\/home-wts\/"},"modified":"2017-05-09T17:54:11","modified_gmt":"2017-05-09T17:54:11","slug":"home-wts","status":"publish","type":"page","link":"https:\/\/emocaodimagens.com\/emodi845\/","title":{"rendered":"Bem-vindo \u00e0 Emo\u00e7\u00e3o D&#8217;Imagens"},"content":{"rendered":"\n        <div class=\"wp-tiles-container\">\n        \n            <div id=\"wp_tiles_1\" class=\"wp-tiles-grid wp-tiles-byline-align-bottom wp-tiles-byline-animated wp-tiles-byline-slide-up wp-tiles-image-animated wp-tiles-image-scale-up\">\n                        \n                <div class='wp-tiles-tile servicos' id='tile-71'>\n                \n                    <a href=\"https:\/\/emocaodimagens.com\/emodi845\/2016\/07\/16\/molduras\/\" title=\"Molduras\">\n                \n                        <article class='wp-tiles-tile-with-image wp-tiles-tile-wrapper' itemscope itemtype=\"http:\/\/schema.org\/CreativeWork\">\n                        \n                            <div class='wp-tiles-tile-bg'>\n\n                                <img src='https:\/\/emocaodimagens.com\/emodi845\/wp-content\/uploads\/2016\/07\/20151202_143848-300x300.jpg' class='wp-tiles-img' itemprop=\"image\" \/>\n\n                            <\/div>\n                                                \n                            <div class='wp-tiles-byline'>\n\n                                <div class='wp-tiles-byline-wrapper'>\n                                \n                                    <h4 itemprop=\"name\" class=\"wp-tiles-byline-title\">Molduras<\/h4>\n                                                                \n                                <\/div>\n\n                            <\/div>\n                        \n                        <\/article>\n                \n                    <\/a>\n                \n                <\/div>\n            \n                <div class='wp-tiles-tile servicos' id='tile-68'>\n                \n                    <a href=\"https:\/\/emocaodimagens.com\/emodi845\/2016\/07\/16\/recuperacao-de-fotos\/\" title=\"Loja\">\n                \n                        <article class='wp-tiles-tile-with-image wp-tiles-tile-wrapper' itemscope itemtype=\"http:\/\/schema.org\/CreativeWork\">\n                        \n                            <div class='wp-tiles-tile-bg'>\n\n                                <img src='https:\/\/emocaodimagens.com\/emodi845\/wp-content\/uploads\/2016\/07\/MG_9872-e1481029257110-400x400.jpg' class='wp-tiles-img' itemprop=\"image\" \/>\n\n                            <\/div>\n                                                \n                            <div class='wp-tiles-byline'>\n\n                                <div class='wp-tiles-byline-wrapper'>\n                                \n                                    <h4 itemprop=\"name\" class=\"wp-tiles-byline-title\">Loja<\/h4>\n                                                                \n                                <\/div>\n\n                            <\/div>\n                        \n                        <\/article>\n                \n                    <\/a>\n                \n                <\/div>\n            \n                <div class='wp-tiles-tile servicos' id='tile-62'>\n                \n                    <a href=\"https:\/\/emocaodimagens.com\/emodi845\/2016\/07\/15\/reportagens-2\/\" title=\"Reportagens\">\n                \n                        <article class='wp-tiles-tile-with-image wp-tiles-tile-wrapper' itemscope itemtype=\"http:\/\/schema.org\/CreativeWork\">\n                        \n                            <div class='wp-tiles-tile-bg'>\n\n                                <img src='https:\/\/emocaodimagens.com\/emodi845\/wp-content\/uploads\/2016\/07\/1032-1-400x400.jpg' class='wp-tiles-img' itemprop=\"image\" \/>\n\n                            <\/div>\n                                                \n                            <div class='wp-tiles-byline'>\n\n                                <div class='wp-tiles-byline-wrapper'>\n                                \n                                    <h4 itemprop=\"name\" class=\"wp-tiles-byline-title\">Reportagens<\/h4>\n                                                                \n                                <\/div>\n\n                            <\/div>\n                        \n                        <\/article>\n                \n                    <\/a>\n                \n                <\/div>\n            \n                <div class='wp-tiles-tile servicos' id='tile-60'>\n                \n                    <a href=\"https:\/\/emocaodimagens.com\/emodi845\/2016\/07\/15\/molduras-carimbos\/\" title=\"Carimbos\">\n                \n                        <article class='wp-tiles-tile-with-image wp-tiles-tile-wrapper' itemscope itemtype=\"http:\/\/schema.org\/CreativeWork\">\n                        \n                            <div class='wp-tiles-tile-bg'>\n\n                                <img src='https:\/\/emocaodimagens.com\/emodi845\/wp-content\/uploads\/2016\/07\/carimbos.jpg' class='wp-tiles-img' itemprop=\"image\" \/>\n\n                            <\/div>\n                                                \n                            <div class='wp-tiles-byline'>\n\n                                <div class='wp-tiles-byline-wrapper'>\n                                \n                                    <h4 itemprop=\"name\" class=\"wp-tiles-byline-title\">Carimbos<\/h4>\n                                                                \n                                    <div class='wp-tiles-byline-content' itemprop=\"description\">\n                                        Carimbos pr\u00e9-tintados e tradicionais. Traga-nos a imagem que desejar em formato vectorial, ou em boa resolu\u00e7\u00e3o, e faremos em loja a prepara\u00e7\u00e3o final. Carimbos pr\u00e9-tintados em 1 hora. 1 2\n                                    <\/div>\n                                \n                                <\/div>\n\n                            <\/div>\n                        \n                        <\/article>\n                \n                    <\/a>\n                \n                <\/div>\n            \n                <div class='wp-tiles-tile servicos' id='tile-58'>\n                \n                    <a href=\"https:\/\/emocaodimagens.com\/emodi845\/2016\/07\/15\/impressao\/\" title=\"Impress\u00e3o\">\n                \n                        <article class='wp-tiles-tile-with-image wp-tiles-tile-wrapper' itemscope itemtype=\"http:\/\/schema.org\/CreativeWork\">\n                        \n                            <div class='wp-tiles-tile-bg'>\n\n                                <img src='https:\/\/emocaodimagens.com\/emodi845\/wp-content\/uploads\/2016\/07\/DSC_0536B.jpg' class='wp-tiles-img' itemprop=\"image\" \/>\n\n                            <\/div>\n                                                \n                            <div class='wp-tiles-byline'>\n\n                                <div class='wp-tiles-byline-wrapper'>\n                                \n                                    <h4 itemprop=\"name\" class=\"wp-tiles-byline-title\">Impress\u00e3o<\/h4>\n                                                                \n                                    <div class='wp-tiles-byline-content' itemprop=\"description\">\n                                        Impress\u00e3o em Tela, Papel Fotogr\u00e1fico, PVC &#8211; em todos os formatos. Impress\u00e3o imediata em Plotter em papel cont\u00ednuo de 60 cm ou grandes dimens\u00f5es por encomenda.&nbsp;Acompanhamos e garantimos a qualidade final do seu pedido. 1 2\n                                    <\/div>\n                                \n                                <\/div>\n\n                            <\/div>\n                        \n                        <\/article>\n                \n                    <\/a>\n                \n                <\/div>\n            \n                <div class='wp-tiles-tile servicos' id='tile-47'>\n                \n                    <a href=\"https:\/\/emocaodimagens.com\/emodi845\/2016\/07\/11\/47\/\" title=\"Sess\u00f5es Fotogr\u00e1ficas\">\n                \n                        <article class='wp-tiles-tile-with-image wp-tiles-tile-wrapper' itemscope itemtype=\"http:\/\/schema.org\/CreativeWork\">\n                        \n                            <div class='wp-tiles-tile-bg'>\n\n                                <img src='https:\/\/emocaodimagens.com\/emodi845\/wp-content\/uploads\/2016\/07\/DSC_0095-400x400.jpg' class='wp-tiles-img' itemprop=\"image\" \/>\n\n                            <\/div>\n                                                \n                            <div class='wp-tiles-byline'>\n\n                                <div class='wp-tiles-byline-wrapper'>\n                                \n                                    <h4 itemprop=\"name\" class=\"wp-tiles-byline-title\">Sess\u00f5es Fotogr\u00e1ficas<\/h4>\n                                                                \n                                    <div class='wp-tiles-byline-content' itemprop=\"description\">\n                                        Sess\u00f5es fotogr\u00e1ficas de Est\u00fadio e Exterior &nbsp; &nbsp; Sess\u00f5es fotogr\u00e1ficas:&nbsp;Fam\u00edlia, pr\u00e9-.mam\u00e3, b\u00e9b\u00e9s, crian\u00e7as, animais de estima\u00e7\u00e3o&#8230; Fotos de Produto Fotos Empresariais Fotos de Produto Fotos Empresariais Fotos de Produto Fotos Empresariais 1 2 3 4 5\n                                    <\/div>\n                                \n                                <\/div>\n\n                            <\/div>\n                        \n                        <\/article>\n                \n                    <\/a>\n                \n                <\/div>\n            \n            <\/div>\n\n        <\/div>\n        \n<hr \/>\n<div class=\"su-row\"><div class=\"su-column su-column-size-1-3\"><div class=\"su-column-inner su-u-clearfix su-u-trim\">\n<p><a href=\"http:\/\/www.emocaodimagens.dreambooks.pt\/\" target=\"_blank\"><img loading=\"lazy\" decoding=\"async\" class=\"alignleft wp-image-651 size-full\" src=\"https:\/\/emocaodimagens.com\/emodi845\/wp-content\/uploads\/2016\/07\/dreambooks.gif\" alt=\"dreambooks\" width=\"242\" height=\"88\" \/><\/a><\/p>\n<\/div><\/div>\n<div class=\"su-column su-column-size-2-3\"><div class=\"su-column-inner su-u-clearfix su-u-trim\">Conhece a Dreambooks? <a href=\"http:\/\/www.emocaodimagens.dreambooks.pt\/\">Visite a nossa p\u00e1gina na Dreambooks.<\/a>\u00a0<a href=\"http:\/\/www.emocaodimagens.dreambooks.pt\/\">Fa\u00e7a voc\u00ea mesmo o seu \u00c1lbum Digital e venha levantar na nossa loja. Ou, se quiser, poderemos ser n\u00f3s a executar o \u00c1lbum Digital&#8230; basta trazer as suas imagens e ideias&#8230;!<\/a><\/div><\/div><\/div>\n","protected":false},"excerpt":{"rendered":"","protected":false},"author":1,"featured_media":0,"parent":0,"menu_order":0,"comment_status":"closed","ping_status":"closed","template":"","meta":{"footnotes":""},"class_list":["post-45","page","type-page","status-publish","hentry"],"_links":{"self":[{"href":"https:\/\/emocaodimagens.com\/emodi845\/wp-json\/wp\/v2\/pages\/45","targetHints":{"allow":["GET"]}}],"collection":[{"href":"https:\/\/emocaodimagens.com\/emodi845\/wp-json\/wp\/v2\/pages"}],"about":[{"href":"https:\/\/emocaodimagens.com\/emodi845\/wp-json\/wp\/v2\/types\/page"}],"author":[{"embeddable":true,"href":"https:\/\/emocaodimagens.com\/emodi845\/wp-json\/wp\/v2\/users\/1"}],"replies":[{"embeddable":true,"href":"https:\/\/emocaodimagens.com\/emodi845\/wp-json\/wp\/v2\/comments?post=45"}],"version-history":[{"count":16,"href":"https:\/\/emocaodimagens.com\/emodi845\/wp-json\/wp\/v2\/pages\/45\/revisions"}],"predecessor-version":[{"id":58119,"href":"https:\/\/emocaodimagens.com\/emodi845\/wp-json\/wp\/v2\/pages\/45\/revisions\/58119"}],"wp:attachment":[{"href":"https:\/\/emocaodimagens.com\/emodi845\/wp-json\/wp\/v2\/media?parent=45"}],"curies":[{"name":"wp","href":"https:\/\/api.w.org\/{rel}","templated":true}]}}